{"id":14,"date":"2022-08-16T14:05:00","date_gmt":"2022-08-16T12:05:00","guid":{"rendered":"https:\/\/lentre-chats.fr\/?page_id=14"},"modified":"2023-12-18T16:26:28","modified_gmt":"2023-12-18T15:26:28","slug":"mes-conseils","status":"publish","type":"page","link":"https:\/\/lentre-chats.fr\/index.php\/mes-conseils\/","title":{"rendered":"Mes conseils"},"content":{"rendered":"<style>.elementor-14 .elementor-element.elementor-element-6bdbc519:not(.elementor-motion-effects-element-type-background), .elementor-14 .elementor-element.elementor-element-6bdbc519 > .elementor-motion-effects-container > .elementor-motion-effects-layer{background-color:#AA7B4578;}.elementor-14 .elementor-element.elementor-element-6bdbc519{transition:background 0.3s, border 0.3s, border-radius 0.3s, box-shadow 0.3s;margin-top:-50px;margin-bottom:0px;padding:115px 20px 120px 20px;}.elementor-14 .elementor-element.elementor-element-6bdbc519 > .elementor-background-overlay{transition:background 0.3s, border-radius 0.3s, opacity 0.3s;}.elementor-widget-heading .elementor-heading-title{font-family:var( --e-global-typography-primary-font-family ), Sans-serif;font-weight:var( --e-global-typography-primary-font-weight );color:var( --e-global-color-primary );}.elementor-14 .elementor-element.elementor-element-de8c8f3{text-align:center;}.elementor-14 .elementor-element.elementor-element-de8c8f3 .elementor-heading-title{font-family:\"Nunito\", Sans-serif;font-size:2.5rem;font-weight:bold;line-height:1.3em;color:#0E453E;}.elementor-widget-text-editor{font-family:var( --e-global-typography-text-font-family ), Sans-serif;font-weight:var( --e-global-typography-text-font-weight );color:var( --e-global-color-text );}.elementor-widget-text-editor.elementor-drop-cap-view-stacked .elementor-drop-cap{background-color:var( --e-global-color-primary );}.elementor-widget-text-editor.elementor-drop-cap-view-framed .elementor-drop-cap, .elementor-widget-text-editor.elementor-drop-cap-view-default .elementor-drop-cap{color:var( --e-global-color-primary );border-color:var( --e-global-color-primary );}.elementor-14 .elementor-element.elementor-element-b591b38{text-align:center;font-family:\"Sanchez\", Sans-serif;font-size:17px;font-weight:400;line-height:1.6em;color:#0E453E;}.elementor-14 .elementor-element.elementor-element-14ff8e4 .elementskit-blog-block-post > .row{align-items:flex-start;}.elementor-14 .elementor-element.elementor-element-14ff8e4 .elementskit-blog-block-post, .elementor-14 .elementor-element.elementor-element-14ff8e4 .elementskit-post-image-card, .elementor-14 .elementor-element.elementor-element-14ff8e4 .elementskit-post-card{border-radius:0px 0px 0px 0px;padding:0px 0px 0px 0px;margin:0px 0px 0px 0px;}.elementor-14 .elementor-element.elementor-element-14ff8e4 .elementskit-blog-block-post .elementskit-post-body{padding:0px 0px 0px 0px;}.elementor-14 .elementor-element.elementor-element-14ff8e4 .elementskit-post-image-card .elementskit-post-body{padding:0px 0px 0px 0px;}.elementor-14 .elementor-element.elementor-element-14ff8e4 .elementskit-entry-thumb{border-radius:0px 0px 0px 0px;margin:0px 0px 0px 0px;} .elementor-14 .elementor-element.elementor-element-14ff8e4 .ekit-wid-con .elementskit-entry-thumb{padding:0px 0px 0px 0px;}.elementor-14 .elementor-element.elementor-element-14ff8e4 .post-meta-list{text-align:left;}.elementor-14 .elementor-element.elementor-element-14ff8e4 .elementskit-post-body .entry-title, .elementor-14 .elementor-element.elementor-element-14ff8e4 .elementskit-entry-header .entry-title, .elementor-14 .elementor-element.elementor-element-14ff8e4 .elementskit-post-image-card .elementskit-post-body .entry-title  a,  .elementor-14 .elementor-element.elementor-element-14ff8e4 .elementskit-post-card .elementskit-entry-header .entry-title  a,.elementor-14 .elementor-element.elementor-element-14ff8e4 .elementskit-blog-block-post .elementskit-post-body .entry-title a{font-family:\"Nunito\", Sans-serif;font-size:2.5rem;font-weight:bold;}.elementor-14 .elementor-element.elementor-element-14ff8e4 .elementskit-post-body .entry-title a{color:#0E453E;}.elementor-14 .elementor-element.elementor-element-14ff8e4 .elementskit-entry-header .entry-title a{color:#0E453E;}.elementor-14 .elementor-element.elementor-element-14ff8e4 .elementskit-post-body .entry-title{text-align:justify;}.elementor-14 .elementor-element.elementor-element-14ff8e4 .elementskit-entry-header .entry-title{text-align:justify;}.elementor-14 .elementor-element.elementor-element-14ff8e4 .elementskit-post-footer > p{color:#0E453E;}.elementor-14 .elementor-element.elementor-element-14ff8e4 .elementskit-post-body > p{color:#0E453E;text-align:left;}.elementor-14 .elementor-element.elementor-element-14ff8e4 .elementskit-blog-block-post:hover .elementskit-post-footer > p{color:#AA7B45;}.elementor-14 .elementor-element.elementor-element-14ff8e4 .elementskit-post-image-card:hover .elementskit-post-footer > p{color:#AA7B45;}.elementor-14 .elementor-element.elementor-element-14ff8e4 .elementskit-post-card:hover .elementskit-post-footer > p{color:#AA7B45;}.elementor-14 .elementor-element.elementor-element-14ff8e4 .elementskit-blog-block-post:hover .elementskit-post-body > p{color:#AA7B45;}.elementor-14 .elementor-element.elementor-element-14ff8e4 .elementskit-post-image-card:hover .elementskit-post-body > p{color:#AA7B45;}.elementor-14 .elementor-element.elementor-element-14ff8e4 .elementskit-post-card:hover .elementskit-post-body > p{color:#AA7B45;}.elementor-14 .elementor-element.elementor-element-14ff8e4 .elementskit-post-footer > p, .elementor-14 .elementor-element.elementor-element-14ff8e4 .elementskit-post-body > p{font-family:\"Sanchez\", Sans-serif;font-size:1rem;font-weight:400;line-height:1.6em;}.elementor-14 .elementor-element.elementor-element-14ff8e4 .elementskit-post-footer{text-align:left;}.elementor-14 .elementor-element.elementor-element-14ff8e4 > .elementor-widget-container{margin:0px 0px 50px 0px;padding:0px 0px 0px 0px;}.elementor-14 .elementor-element.elementor-element-b6a2aff{transition:background 0.3s, border 0.3s, border-radius 0.3s, box-shadow 0.3s;margin-top:-25px;margin-bottom:0px;padding:0px 20px 0px 20px;}.elementor-14 .elementor-element.elementor-element-b6a2aff > .elementor-background-overlay{transition:background 0.3s, border-radius 0.3s, opacity 0.3s;}.elementor-14 .elementor-element.elementor-element-255611d .eael-call-to-action.bg-img{background-repeat:no-repeat;background-position:center;background-size:cover;}.elementor-14 .elementor-element.elementor-element-255611d .eael-call-to-action{max-width:1170px;background-color:#205EE900;border-radius:10px;box-shadow:0px 40px 68px 0px rgba(2, 21.00000000000004, 63, 0.16);padding:65px 65px 65px 65px;margin:0px 0px 0px 0px;}.elementor-14 .elementor-element.elementor-element-255611d .eael-call-to-action.bg-img:after{background-color:#205EE900;}.elementor-14 .elementor-element.elementor-element-255611d .eael-call-to-action .title:not(.eael-cta-gradient-title){color:#FFFFFF;}.elementor-14 .elementor-element.elementor-element-255611d .eael-call-to-action .title{font-family:\"Nunito\", Sans-serif;font-size:2rem;font-weight:bold;text-transform:none;line-height:1.3em;margin:0px 100px 0px 0px;}.elementor-14 .elementor-element.elementor-element-255611d .eael-call-to-action .sub-title{color:#FFFFFF;font-family:\"Sanchez\", Sans-serif;font-size:1.5rem;font-weight:400;text-transform:none;line-height:1.3em;margin:0px 0px 20px 0px;}.elementor-14 .elementor-element.elementor-element-255611d .eael-call-to-action .cta-button{padding:22px 36px 22px 36px;margin:30px 0px 0px -30px;font-family:\"Nunito\", Sans-serif;font-size:1.2rem;font-weight:bold;line-height:1.3em;}.elementor-14 .elementor-element.elementor-element-255611d .eael-call-to-action.cta-preset-1:not(.cta-preset-2) .cta-button:not(.cta-secondary-button){color:#0E453E;background:#FFFFFF;}.elementor-14 .elementor-element.elementor-element-255611d .eael-call-to-action .cta-button:not(.cta-secondary-button){border-radius:10px;box-shadow:0px 30px 70px 0px rgba(7.0000000000000036, 25.000000000000046, 65, 0.2);}.elementor-14 .elementor-element.elementor-element-255611d .eael-call-to-action.cta-preset-1:not(.cta-preset-2) .cta-button:hover:not(.cta-secondary-button){color:#FFFFFF;background:#AA7B45;}.elementor-14 .elementor-element.elementor-element-255611d .eael-call-to-action.cta-preset-1:not(.cta-preset-2) .cta-button:after:not(.cta-secondary-button){background:#AA7B45;}.elementor-14 .elementor-element.elementor-element-255611d .eael-call-to-action .cta-button.effect-1:after{background:#AA7B45;}.elementor-14 .elementor-element.elementor-element-255611d .eael-call-to-action .cta-button.effect-2:after{background:#AA7B45;}.elementor-14 .elementor-element.elementor-element-255611d > .elementor-widget-container{margin:0px 0px -40px 0px;background-color:#0E453E;border-radius:10px 10px 10px 10px;}.elementor-14 .elementor-element.elementor-element-255611d{z-index:11;}.elementor-14 .elementor-element.elementor-element-255611d.ha-has-bg-overlay:hover > .elementor-widget-container::before{transition:background 0.3s;}@media(max-width:1024px){.elementor-14 .elementor-element.elementor-element-6bdbc519{padding:70px 20px 70px 20px;}.elementor-14 .elementor-element.elementor-element-de8c8f3 .elementor-heading-title{font-size:34px;}.elementor-14 .elementor-element.elementor-element-b591b38{font-size:15px;}.elementor-14 .elementor-element.elementor-element-14ff8e4 .elementskit-blog-block-post, .elementor-14 .elementor-element.elementor-element-14ff8e4 .elementskit-post-image-card, .elementor-14 .elementor-element.elementor-element-14ff8e4 .elementskit-post-card{margin:0px 0px 30px 0px;}.elementor-14 .elementor-element.elementor-element-255611d .eael-call-to-action .title{margin:0px 0px 0px 0px;}.elementor-14 .elementor-element.elementor-element-255611d .eael-call-to-action .cta-button{margin:30px 0px 0px 0px;}}@media(max-width:767px){.elementor-14 .elementor-element.elementor-element-de8c8f3 .elementor-heading-title{font-size:28px;}.elementor-14 .elementor-element.elementor-element-14ff8e4 .elementskit-blog-block-post, .elementor-14 .elementor-element.elementor-element-14ff8e4 .elementskit-post-image-card, .elementor-14 .elementor-element.elementor-element-14ff8e4 .elementskit-post-card{margin:0px 0px 30px 0px;}.elementor-14 .elementor-element.elementor-element-255611d .eael-call-to-action{padding:50px 30px 50px 30px;}.elementor-14 .elementor-element.elementor-element-255611d .eael-call-to-action .title{font-size:23px;}.elementor-14 .elementor-element.elementor-element-255611d .eael-call-to-action .sub-title{font-size:14px;margin:0px 0px 15px 0px;}.elementor-14 .elementor-element.elementor-element-255611d .eael-call-to-action .cta-button{padding:17px 30px 17px 30px;margin:20px 0px 0px 0px;font-size:14px;}}<\/style>\t\t<div data-elementor-type=\"wp-page\" data-elementor-id=\"14\" class=\"elementor elementor-14\" data-elementor-settings=\"{&quot;ha_cmc_init_switcher&quot;:&quot;no&quot;}\" data-elementor-post-type=\"page\">\n\t\t\t\t\t\t<section class=\"elementor-section elementor-top-section elementor-element elementor-element-6bdbc519 elementor-section-full_width elementor-section-stretched elementor-section-height-default elementor-section-height-default\" data-id=\"6bdbc519\" data-element_type=\"section\" data-e-type=\"section\" data-settings=\"{&quot;background_background&quot;:&quot;classic&quot;,&quot;stretch_section&quot;:&quot;section-stretched&quot;,&quot;_ha_eqh_enable&quot;:false}\">\n\t\t\t\t\t\t<div class=\"elementor-container elementor-column-gap-no\">\n\t\t\t\t\t<div class=\"elementor-column elementor-col-100 elementor-top-column elementor-element elementor-element-699830a6\" data-id=\"699830a6\" data-element_type=\"column\" data-e-type=\"column\">\n\t\t\t<div class=\"elementor-widget-wrap elementor-element-populated\">\n\t\t\t\t\t\t<div class=\"elementor-element elementor-element-de8c8f3 elementor-widget elementor-widget-heading\" data-id=\"de8c8f3\" data-element_type=\"widget\" data-e-type=\"widget\" data-widget_type=\"heading.default\">\n\t\t\t\t<div class=\"elementor-widget-container\">\n\t\t\t\t\t<h2 class=\"elementor-heading-title elementor-size-default\">Blog<\/h2>\t\t\t\t<\/div>\n\t\t\t\t<\/div>\n\t\t\t\t<div class=\"elementor-element elementor-element-b591b38 elementor-widget elementor-widget-text-editor\" data-id=\"b591b38\" data-element_type=\"widget\" data-e-type=\"widget\" data-widget_type=\"text-editor.default\">\n\t\t\t\t<div class=\"elementor-widget-container\">\n\t\t\t\t\t\t\t\t\t<p>Il est important de prendre soin de votre chat pour qu&rsquo;il s&rsquo;\u00e9panouisse pleinement dans son quotidien.<\/p>\t\t\t\t\t\t\t\t<\/div>\n\t\t\t\t<\/div>\n\t\t\t\t\t<\/div>\n\t\t<\/div>\n\t\t\t\t\t<\/div>\n\t\t<\/section>\n\t\t\t\t<section class=\"elementor-section elementor-top-section elementor-element elementor-element-d7bc6bf elementor-section-full_width elementor-section-stretched elementor-section-height-default elementor-section-height-default\" data-id=\"d7bc6bf\" data-element_type=\"section\" data-e-type=\"section\" data-settings=\"{&quot;stretch_section&quot;:&quot;section-stretched&quot;,&quot;_ha_eqh_enable&quot;:false}\">\n\t\t\t\t\t\t<div class=\"elementor-container elementor-column-gap-no\">\n\t\t\t\t\t<div class=\"elementor-column elementor-col-100 elementor-top-column elementor-element elementor-element-973496e\" data-id=\"973496e\" data-element_type=\"column\" data-e-type=\"column\">\n\t\t\t<div class=\"elementor-widget-wrap elementor-element-populated\">\n\t\t\t\t\t\t<div class=\"elementor-element elementor-element-14ff8e4 elementor-widget elementor-widget-elementskit-blog-posts\" data-id=\"14ff8e4\" data-element_type=\"widget\" data-e-type=\"widget\" data-widget_type=\"elementskit-blog-posts.default\">\n\t\t\t\t<div class=\"elementor-widget-container\">\n\t\t\t\t\t<div class=\"ekit-wid-con\" >        <div id=\"post-items--14ff8e4\" class=\"row post-items\">\n                    <div class=\"col-md-12\">\n\n                                    <div class=\"elementskit-blog-block-post\">\n                        <div class=\"row no-gutters\">\n                                                            <div class=\"col-md-6 order-1\">\n                                    <a href=\"https:\/\/lentre-chats.fr\/index.php\/2023\/04\/11\/pourquoi-est-il-important-dadministrer-un-traitement-antiparasitaire-aux-chats\/\" class=\"elementskit-entry-thumb\">\n                                        <img decoding=\"async\" src=\"https:\/\/lentre-chats.fr\/wp-content\/uploads\/2023\/04\/AdobeStock_578497497-1024x461.jpeg\" alt=\"Pourquoi est-il important d&rsquo;administrer un traitement antiparasitaire aux chats ?\">\n                                    <\/a><!-- .elementskit-entry-thumb END -->\n                                <\/div>\n                            \n                            <div class=\"col-md-6 order-2\">\n                                <div class=\"elementskit-post-body \">\n                                    <div class=\"elementskit-entry-header\">\n                                        \n                                                                                            \t\t\t\t\t                                            \n                                            \n                                                                                            \t\t\t\t<h2 class=\"entry-title\">\n\t\t\t\t\t<a href=\"https:\/\/lentre-chats.fr\/index.php\/2023\/04\/11\/pourquoi-est-il-important-dadministrer-un-traitement-antiparasitaire-aux-chats\/\">\n\t\t\t\t\t\tPourquoi est-il important d&rsquo;administrer un traitement antiparasitaire aux chats ?\t\t\t\t\t<\/a>\n\t\t\t\t<\/h2>\n\t\t\t                                                                                <\/div><!-- .elementskit-entry-header END -->\n\n                                                                            <div class=\"elementskit-post-footer\">\n                                                                                            <p>Pourquoi est-il important d&rsquo;administrer un traitement antiparasitaire aux chats ? Les chats sont des animaux domestiques populaires dans le monde entier. Ils sont souvent consid\u00e9r\u00e9s comme des compagnons affectueux et&hellip;<\/p>\n                                                                                                                                <\/div><!-- .elementskit-post-footer END -->\n                                                                    <\/div><!-- .elementskit-post-body END -->\n                            <\/div>\n                        <\/div>\n                    <\/div><!-- .elementskit-blog-block-post .radius .gradient-bg END -->\n                \n            <\/div>\n                    <div class=\"col-md-12\">\n\n                                    <div class=\"elementskit-blog-block-post\">\n                        <div class=\"row no-gutters\">\n                                                            <div class=\"col-md-6 order-1\">\n                                    <a href=\"https:\/\/lentre-chats.fr\/index.php\/2023\/11\/20\/comment-aider-un-chat-stresse-guide-complet-sur-lanxiete-feline\/\" class=\"elementskit-entry-thumb\">\n                                        <img decoding=\"async\" src=\"https:\/\/lentre-chats.fr\/wp-content\/uploads\/2023\/11\/pexels-inge-wallumrod-126407-1024x576.jpg\" alt=\"Chat stress\u00e9 ? Guide Complet sur l&rsquo;Anxi\u00e9t\u00e9 F\u00e9line\">\n                                    <\/a><!-- .elementskit-entry-thumb END -->\n                                <\/div>\n                            \n                            <div class=\"col-md-6 order-2\">\n                                <div class=\"elementskit-post-body \">\n                                    <div class=\"elementskit-entry-header\">\n                                        \n                                                                                            \t\t\t\t\t                                            \n                                            \n                                                                                            \t\t\t\t<h2 class=\"entry-title\">\n\t\t\t\t\t<a href=\"https:\/\/lentre-chats.fr\/index.php\/2023\/11\/20\/comment-aider-un-chat-stresse-guide-complet-sur-lanxiete-feline\/\">\n\t\t\t\t\t\tChat stress\u00e9 ? Guide Complet sur l&rsquo;Anxi\u00e9t\u00e9 F\u00e9line\t\t\t\t\t<\/a>\n\t\t\t\t<\/h2>\n\t\t\t                                                                                <\/div><!-- .elementskit-entry-header END -->\n\n                                                                            <div class=\"elementskit-post-footer\">\n                                                                                            <p>Au cours de ce guide, nous \u00e9tudierons le th\u00e8me de l&#039;anxi\u00e9t\u00e9 du chat, explorant les raisons qui peuvent susciter ce sentiment, les signes r\u00e9v\u00e9lateurs de l&#039;anxi\u00e9t\u00e9 f\u00e9line, ainsi que les cons\u00e9quences potentielles sur la qualit\u00e9 de vie de votre animal.<\/p>\n                                                                                                                                <\/div><!-- .elementskit-post-footer END -->\n                                                                    <\/div><!-- .elementskit-post-body END -->\n                            <\/div>\n                        <\/div>\n                    <\/div><!-- .elementskit-blog-block-post .radius .gradient-bg END -->\n                \n            <\/div>\n                    <div class=\"col-md-12\">\n\n                                    <div class=\"elementskit-blog-block-post\">\n                        <div class=\"row no-gutters\">\n                                                            <div class=\"col-md-6 order-1\">\n                                    <a href=\"https:\/\/lentre-chats.fr\/index.php\/2023\/04\/11\/comment-nourrir-votre-chat-pour-une-vie-saine-et-heureuse\/\" class=\"elementskit-entry-thumb\">\n                                        <img decoding=\"async\" src=\"https:\/\/lentre-chats.fr\/wp-content\/uploads\/2023\/04\/AdobeStock_57503701-1024x683.jpeg\" alt=\"Comment am\u00e9liorer la nutrition de votre chat?\">\n                                    <\/a><!-- .elementskit-entry-thumb END -->\n                                <\/div>\n                            \n                            <div class=\"col-md-6 order-2\">\n                                <div class=\"elementskit-post-body \">\n                                    <div class=\"elementskit-entry-header\">\n                                        \n                                                                                            \t\t\t\t\t                                            \n                                            \n                                                                                            \t\t\t\t<h2 class=\"entry-title\">\n\t\t\t\t\t<a href=\"https:\/\/lentre-chats.fr\/index.php\/2023\/04\/11\/comment-nourrir-votre-chat-pour-une-vie-saine-et-heureuse\/\">\n\t\t\t\t\t\tComment am\u00e9liorer la nutrition de votre chat?\t\t\t\t\t<\/a>\n\t\t\t\t<\/h2>\n\t\t\t                                                                                <\/div><!-- .elementskit-entry-header END -->\n\n                                                                            <div class=\"elementskit-post-footer\">\n                                                                                            <p>Comment am\u00e9liorer la nutrition de votre chat ? La nutrition est l&rsquo;un des aspects les plus importants de la sant\u00e9 de votre chat. Une alimentation saine et \u00e9quilibr\u00e9e est essentielle&hellip;<\/p>\n                                                                                                                                <\/div><!-- .elementskit-post-footer END -->\n                                                                    <\/div><!-- .elementskit-post-body END -->\n                            <\/div>\n                        <\/div>\n                    <\/div><!-- .elementskit-blog-block-post .radius .gradient-bg END -->\n                \n            <\/div>\n                <\/div>\n       <\/div>\t\t\t\t<\/div>\n\t\t\t\t<\/div>\n\t\t\t\t\t<\/div>\n\t\t<\/div>\n\t\t\t\t\t<\/div>\n\t\t<\/section>\n\t\t\t\t<section class=\"elementor-section elementor-top-section elementor-element elementor-element-b6a2aff elementor-section-stretched elementor-section-boxed elementor-section-height-default elementor-section-height-default\" data-id=\"b6a2aff\" data-element_type=\"section\" data-e-type=\"section\" data-settings=\"{&quot;background_background&quot;:&quot;classic&quot;,&quot;stretch_section&quot;:&quot;section-stretched&quot;,&quot;_ha_eqh_enable&quot;:false}\">\n\t\t\t\t\t\t<div class=\"elementor-container elementor-column-gap-no\">\n\t\t\t\t\t<div class=\"elementor-column elementor-col-100 elementor-top-column elementor-element elementor-element-79a547d\" data-id=\"79a547d\" data-element_type=\"column\" data-e-type=\"column\">\n\t\t\t<div class=\"elementor-widget-wrap elementor-element-populated\">\n\t\t\t\t\t\t<div class=\"elementor-element elementor-element-255611d ha-has-bg-overlay elementor-invisible elementor-widget elementor-widget-eael-cta-box\" data-id=\"255611d\" data-element_type=\"widget\" data-e-type=\"widget\" data-settings=\"{&quot;_animation&quot;:&quot;fadeInUp&quot;}\" data-widget_type=\"eael-cta-box.default\">\n\t\t\t\t<div class=\"elementor-widget-container\">\n\t\t\t\t\t\t\t\t<div class=\"eael-call-to-action cta-flex bg-lite cta-preset-1\">\n\t    <div class=\"content\">\n            <h4 class=\"sub-title\">Contactez-moi<\/h4><h2 class=\"title eael-cta-heading\">Vous souhaitez plus de renseignements ?<\/h2>\t    <\/div>\n\t    <div class=\"action\">\n\t        <a href=\"#\" class=\"cta-button cta-preset-1  \">Me contactez<\/a>\t    <\/div>\n\t<\/div>\n\t\t\t\t\t\t\t<\/div>\n\t\t\t\t<\/div>\n\t\t\t\t\t<\/div>\n\t\t<\/div>\n\t\t\t\t\t<\/div>\n\t\t<\/section>\n\t\t\t\t<\/div>\n\t\t","protected":false},"excerpt":{"rendered":"<p>Blog Il est important de prendre soin de votre chat pour qu&rsquo;il s&rsquo;\u00e9panouisse pleinement dans son quotidien. Comment nourrir votre chat pour une vie saine et heureuse ? Comment nourrir&hellip;<\/p>\n","protected":false},"author":4,"featured_media":0,"parent":0,"menu_order":0,"comment_status":"closed","ping_status":"closed","template":"","meta":{"footnotes":""},"class_list":["post-14","page","type-page","status-publish","hentry"],"aioseo_notices":[],"_links":{"self":[{"href":"https:\/\/lentre-chats.fr\/index.php\/wp-json\/wp\/v2\/pages\/14","targetHints":{"allow":["GET"]}}],"collection":[{"href":"https:\/\/lentre-chats.fr\/index.php\/wp-json\/wp\/v2\/pages"}],"about":[{"href":"https:\/\/lentre-chats.fr\/index.php\/wp-json\/wp\/v2\/types\/page"}],"author":[{"embeddable":true,"href":"https:\/\/lentre-chats.fr\/index.php\/wp-json\/wp\/v2\/users\/4"}],"replies":[{"embeddable":true,"href":"https:\/\/lentre-chats.fr\/index.php\/wp-json\/wp\/v2\/comments?post=14"}],"version-history":[{"count":34,"href":"https:\/\/lentre-chats.fr\/index.php\/wp-json\/wp\/v2\/pages\/14\/revisions"}],"predecessor-version":[{"id":1191,"href":"https:\/\/lentre-chats.fr\/index.php\/wp-json\/wp\/v2\/pages\/14\/revisions\/1191"}],"wp:attachment":[{"href":"https:\/\/lentre-chats.fr\/index.php\/wp-json\/wp\/v2\/media?parent=14"}],"curies":[{"name":"wp","href":"https:\/\/api.w.org\/{rel}","templated":true}]}}